{"id":23,"date":"2018-04-10T14:59:23","date_gmt":"2018-04-10T14:59:23","guid":{"rendered":"http:\/\/beta.davidneto.com\/?page_id=23"},"modified":"2019-05-06T08:42:34","modified_gmt":"2019-05-06T08:42:34","slug":"planotir","status":"publish","type":"page","link":"https:\/\/beta.davidneto.com\/fr\/setores-de-atividade\/planotir\/","title":{"rendered":"Planotir"},"content":{"rendered":"<p>Avec 25 ans d\u2019activit\u00e9, David Neto Planotir a \u00e9t\u00e9 cr\u00e9\u00e9 dans le but de proposer des solutions de transport sur personnalis\u00e9 aux besoins de ses clients. La naissance au sein du Groupe en 1990 visait \u00e0 rationaliser le transport international et \u00e0 r\u00e9agir efficacement aux probl\u00e8mes d\u2019importation et d\u2019exportation.<\/p>\n<p>David Neto Planotir r\u00e9pond aux besoins du transport de votre entreprise avec la possibilit\u00e9 de chargement complet ou de groupage et m\u00e8ne r\u00e9guli\u00e8rement \u00e0 des destinations telles que l&#8217;Allemagne, la Belgique, l&#8217;Espagne, la France, la Gr\u00e8ce, la Hollande, l&#8217;Italie, le Luxembourg, la Pologne ou la Roumanie. Tous les trajets sont contr\u00f4l\u00e9s par GPS, de m\u00eame que les op\u00e9rateurs de la circulation qui garantissent une s\u00e9curit\u00e9 et une efficacit\u00e9 maximales. Avec un large savoir-faire au sein de march\u00e9s exigeants tels que l\u2019automobile, la m\u00e9tallurgie ou la technologie, et sa mission es d&#8217;offrir une gamme de solutions qui pouvant aller de la terre, de l&#8217;air ou de la mer.<\/p>\n<p>La philosophie du \u00abjuste \u00e0 temps\u00bb insiste sur la capacit\u00e9 \u00e0 garantir les livraisons sans manquer de d\u00e9lais et \u00e0 renforcer, toujours, la confiance des clients.<\/p>\n","protected":false},"excerpt":{"rendered":"<p>Avec 25 ans d\u2019activit\u00e9, David Neto Planotir a \u00e9t\u00e9 cr\u00e9\u00e9 dans le but de proposer des solutions de transport sur personnalis\u00e9 aux besoins de ses clients. La naissance au sein du Groupe en 1990 visait \u00e0 rationaliser le transport international et \u00e0 r\u00e9agir efficacement aux probl\u00e8mes d\u2019importation et d\u2019exportation. David Neto Planotir r\u00e9pond aux besoins [&hellip;]<\/p>\n","protected":false},"author":1,"featured_media":0,"parent":19,"menu_order":1,"comment_status":"closed","ping_status":"closed","template":"model-5.php","meta":[],"_links":{"self":[{"href":"https:\/\/beta.davidneto.com\/fr\/wp-json\/wp\/v2\/pages\/23"}],"collection":[{"href":"https:\/\/beta.davidneto.com\/fr\/wp-json\/wp\/v2\/pages"}],"about":[{"href":"https:\/\/beta.davidneto.com\/fr\/wp-json\/wp\/v2\/types\/page"}],"author":[{"embeddable":true,"href":"https:\/\/beta.davidneto.com\/fr\/wp-json\/wp\/v2\/users\/1"}],"replies":[{"embeddable":true,"href":"https:\/\/beta.davidneto.com\/fr\/wp-json\/wp\/v2\/comments?post=23"}],"version-history":[{"count":42,"href":"https:\/\/beta.davidneto.com\/fr\/wp-json\/wp\/v2\/pages\/23\/revisions"}],"predecessor-version":[{"id":823,"href":"https:\/\/beta.davidneto.com\/fr\/wp-json\/wp\/v2\/pages\/23\/revisions\/823"}],"up":[{"embeddable":true,"href":"https:\/\/beta.davidneto.com\/fr\/wp-json\/wp\/v2\/pages\/19"}],"wp:attachment":[{"href":"https:\/\/beta.davidneto.com\/fr\/wp-json\/wp\/v2\/media?parent=23"}],"curies":[{"name":"wp","href":"https:\/\/api.w.org\/{rel}","templated":true}]}}