{"id":1322,"date":"2020-11-04T11:08:56","date_gmt":"2020-11-04T11:08:56","guid":{"rendered":"http:\/\/beta.davidneto.com\/?page_id=1322"},"modified":"2020-11-04T17:46:41","modified_gmt":"2020-11-04T17:46:41","slug":"newsletter","status":"publish","type":"page","link":"https:\/\/beta.davidneto.com\/fr\/newsletter\/","title":{"rendered":"NEWSLETTER"},"content":{"rendered":"<p>Vous souhaitez \u00eatre en contact avec la vie quotidienne de notre groupe et des soci\u00e9t\u00e9s respectives? Rejoignez notre newsletter et restez au courant de tout ce qui se passe dans le groupe David Neto.<\/p>\n","protected":false},"excerpt":{"rendered":"<p>Vous souhaitez \u00eatre en contact avec la vie quotidienne de notre groupe et des soci\u00e9t\u00e9s respectives? Rejoignez notre newsletter et restez au courant de tout ce qui se passe dans le groupe David Neto.<\/p>\n","protected":false},"author":1,"featured_media":0,"parent":0,"menu_order":0,"comment_status":"closed","ping_status":"closed","template":"model-14.php","meta":[],"_links":{"self":[{"href":"https:\/\/beta.davidneto.com\/fr\/wp-json\/wp\/v2\/pages\/1322"}],"collection":[{"href":"https:\/\/beta.davidneto.com\/fr\/wp-json\/wp\/v2\/pages"}],"about":[{"href":"https:\/\/beta.davidneto.com\/fr\/wp-json\/wp\/v2\/types\/page"}],"author":[{"embeddable":true,"href":"https:\/\/beta.davidneto.com\/fr\/wp-json\/wp\/v2\/users\/1"}],"replies":[{"embeddable":true,"href":"https:\/\/beta.davidneto.com\/fr\/wp-json\/wp\/v2\/comments?post=1322"}],"version-history":[{"count":20,"href":"https:\/\/beta.davidneto.com\/fr\/wp-json\/wp\/v2\/pages\/1322\/revisions"}],"predecessor-version":[{"id":1370,"href":"https:\/\/beta.davidneto.com\/fr\/wp-json\/wp\/v2\/pages\/1322\/revisions\/1370"}],"wp:attachment":[{"href":"https:\/\/beta.davidneto.com\/fr\/wp-json\/wp\/v2\/media?parent=1322"}],"curies":[{"name":"wp","href":"https:\/\/api.w.org\/{rel}","templated":true}]}}